{"id":757,"date":"2021-07-06T21:51:14","date_gmt":"2021-07-06T19:51:14","guid":{"rendered":"http:\/\/b29neu.de\/?page_id=757"},"modified":"2023-02-22T16:46:21","modified_gmt":"2023-02-22T14:46:21","slug":"aktuelle-varianten-in-der-diskussion","status":"publish","type":"page","link":"https:\/\/b29neu.de\/planung\/machbarkeitsstudie-2015","title":{"rendered":"Machbarkeitsstudie 2015"},"content":{"rendered":"\t\t<div data-elementor-type=\"wp-page\" data-elementor-id=\"757\" class=\"elementor elementor-757\" data-elementor-post-type=\"page\">\n\t\t\t\t<div class=\"elementor-element elementor-element-b0a7ae5 e-ecs-flex e-flex e-con-boxed e-con e-parent\" data-id=\"b0a7ae5\" data-element_type=\"container\" data-e-type=\"container\" data-settings=\"{&quot;ecs_container_type&quot;:&quot;flex&quot;}\">\n\t\t\t\t\t<div class=\"e-con-inner\">\n\t\t\t\t<div class=\"elementor-element elementor-element-f5b8071 elementor-widget elementor-widget-breadcrumbs\" data-id=\"f5b8071\" data-element_type=\"widget\" data-e-type=\"widget\" data-widget_type=\"breadcrumbs.default\">\n\t\t\t\t<div class=\"elementor-widget-container\">\n\t\t\t\t\t<p id=\"breadcrumbs\"><span><span><a href=\"https:\/\/b29neu.de\/\">Startseite<\/a><\/span><\/span><\/p>\t\t\t\t<\/div>\n\t\t\t\t<\/div>\n\t\t\t\t<div class=\"elementor-element elementor-element-001b4af elementor-widget elementor-widget-heading\" data-id=\"001b4af\" data-element_type=\"widget\" data-e-type=\"widget\" data-widget_type=\"heading.default\">\n\t\t\t\t<div class=\"elementor-widget-container\">\n\t\t\t\t\t<h1 class=\"elementor-heading-title elementor-size-default\">Machbarkeitsstudie 2015<\/h1>\t\t\t\t<\/div>\n\t\t\t\t<\/div>\n\t\t\t\t\t<\/div>\n\t\t\t\t<\/div>\n\t\t<div class=\"elementor-element elementor-element-bd5e6a3 e-ecs-flex e-flex e-con-boxed e-con e-parent\" data-id=\"bd5e6a3\" data-element_type=\"container\" data-e-type=\"container\" data-settings=\"{&quot;ecs_container_type&quot;:&quot;flex&quot;}\">\n\t\t\t\t\t<div class=\"e-con-inner\">\n\t\t\t\t<div class=\"elementor-element elementor-element-6507ae4 elementor-widget elementor-widget-text-editor\" data-id=\"6507ae4\" data-element_type=\"widget\" data-e-type=\"widget\" data-widget_type=\"text-editor.default\">\n\t\t\t\t<div class=\"elementor-widget-container\">\n\t\t\t\t\t\t\t\t\t<p>Der Ostalbkreis, die Stadt Bopfingen und die Gemeinde Riesb\u00fcrg fordern seit Jahrzehnten den Bau von Ortsumfahrungen im Zuge der B 29 f\u00fcr Pflaumloch und Trochtelfingen. Aus diesem Grund hat der Ostalbkreis mit Unterst\u00fctzung von Bopfingen und Riesb\u00fcrg eine Machbarkeitsstudie f\u00fcr eine ortsdurchfahrtsfreie Verbindung von N\u00f6rdlingen bis zur A7 im Ostalbkreis entwickelt. Dazu wurde ein Verkehrskonzept f\u00fcr den \u00f6stlichen Teil des Ostalbkreises (\u00f6stlich der A7) erarbeitet, das den gesamten Lebens- und Wirtschaftsbereich zwischen A7, Virngrund, H\u00e4rtsfeld und Ries umfasst. Verkehre sollen geb\u00fcndelt und bedarfsgerecht gelenkt werden.<\/p><p>Im Rahmen der Erarbeitung der Machbarkeitsstudie ist ein konstruktiver Diskussionsprozess zur Weiterentwicklung der B 29 zu Stande gekommen. Bei elf gro\u00dfen B\u00fcrgerforen mit \u00fcber 4.000 B\u00fcrgerinnen und B\u00fcrgern und mehreren Einzel- und Vor-Ort-Terminen konnte eine allgemeine Unterst\u00fctzung f\u00fcr die L\u00f6sung des Problems von vier Ortsdurchfahrten in Pflaumloch, Trochtelfingen, Bopfingen und Aufhausen wahrgenommen werden. Das Ergebnis ist in der folgenden Machbarkeitsstudie dargestellt.<\/p><p>Die vorliegende Machbarkeitsstudie beweist, dass eine \u00fcberzeugende Verkehrskonzeption wirtschaftlich umgesetzt werden kann.<\/p><p>Die Belange des Landschafts- und Naturschutzes, sowie der Schutz der Menschen vor Ort vor Emissionen im Zuge einer neuen Stra\u00dfe m\u00fcssen in der weiteren Ausarbeitung im Detail ber\u00fccksichtigt werden.<\/p><p><strong>Machbarkeitsstudie zum Download\u00a0<\/strong><\/p><p><em>Hinweis:<\/em><br \/><em>Aufgrund der Gr\u00f6\u00dfe der Lagepl\u00e4ne\/Dateien sind die Unterlagen jeweils separat sortiert nach dem Inhaltsverzeichnis der einzelnen Ordner zusammengefasst.<\/em><\/p><p><strong><span style=\"text-decoration: underline;\">Ordner 1<\/span><\/strong><\/p><p><a href=\"http:\/\/b29neu.de\/wp-content\/uploads\/2023\/02\/B29-Machbarkeitsstudie-InhaltOrdner1.pdf\" target=\"_blank\" rel=\"noopener\">B29 Machbarkeitsstudie Verzeichnis der Antragsunterlagen<\/a><\/p><p><a href=\"http:\/\/b29neu.de\/wp-content\/uploads\/2023\/02\/B29-Machbarkeitsstudie-Beschluss-Positionspapier.pdf\" target=\"_blank\" rel=\"noopener\">Beschlussfassung und Positionspapier<\/a><\/p><p><a href=\"http:\/\/b29neu.de\/wp-content\/uploads\/2023\/02\/B29-Machbarkeitsstudie-Erlaeuterung.pdf\" target=\"_blank\" rel=\"noopener\">Bericht<\/a><\/p><p><a href=\"http:\/\/b29neu.de\/wp-content\/uploads\/2023\/02\/B29-Machbarkeitsstudie-Uebersichtskarte.pdf\" target=\"_blank\" rel=\"noopener\">\u00dcbersichtskarte<\/a><\/p><p><a href=\"http:\/\/b29neu.de\/wp-content\/uploads\/2023\/02\/B29-Machbarkeitsstudie-Uebersichtslageplan.79885.pdf\" target=\"_blank\" rel=\"noopener\">\u00dcbersichtslageplan aller Varianten<\/a><\/p><p><span style=\"text-decoration: underline;\">Variante 1\/3 (S\u00fcd)<\/span><\/p><p><a href=\"http:\/\/b29neu.de\/wp-content\/uploads\/2023\/02\/B29-Machbarkeitsstudie-ProjektdatenV1-3.pdf\" target=\"_blank\" rel=\"noopener\">Variante 1\/3 (S\u00fcd): Projektdaten<\/a><\/p><p><a href=\"http:\/\/b29neu.de\/wp-content\/uploads\/2023\/02\/B29-Machbarkeitsstudie-LageplanV1-3.79891.pdf\" target=\"_blank\" rel=\"noopener\">Variante 1\/3 (S\u00fcd): Lageplan<\/a><\/p><p><a href=\"http:\/\/b29neu.de\/wp-content\/uploads\/2023\/02\/B29-Machbarkeitsstudie-HoehenplaeneV1-3.pdf\" target=\"_blank\" rel=\"noopener\">Variante 1\/3 (S\u00fcd): H\u00f6henplan 1 und 2<\/a><\/p><p><a href=\"http:\/\/b29neu.de\/wp-content\/uploads\/2023\/02\/B29-Machbarkeitsstudie-KostenschaetzungV1-3.pdf\" target=\"_blank\" rel=\"noopener\">Variante 1\/3 (S\u00fcd): Kostensch\u00e4tzung<\/a><\/p><p><span style=\"text-decoration: underline;\">Variante 5 (Nord)<\/span><\/p><p><a href=\"http:\/\/b29neu.de\/wp-content\/uploads\/2023\/02\/B29-Machbarkeitsstudie-ProjektdatenV5.pdf\" target=\"_blank\" rel=\"noopener\">Variante 5 (Nord): Projektdaten<\/a><\/p><p><a href=\"http:\/\/b29neu.de\/wp-content\/uploads\/2023\/02\/B29-Machbarkeitsstudie-LageplanV5.pdf\" target=\"_blank\" rel=\"noopener\">Variante 5 (Nord): Lageplan<\/a><\/p><p><a href=\"http:\/\/b29neu.de\/wp-content\/uploads\/2023\/02\/B29-Machbarkeitsstudie-HoehenplaeneV5.pdf\" target=\"_blank\" rel=\"noopener\">Variante 5 (Nord): H\u00f6henplan 1 und 2<\/a><\/p><p><a href=\"http:\/\/b29neu.de\/wp-content\/uploads\/2023\/02\/B29-Machbarkeitsstudie-KostenschaetzungV5.pdf\" target=\"_blank\" rel=\"noopener\">Variante 5 (Nord): Kostensch\u00e4tzung<\/a><\/p><p><strong><span style=\"text-decoration: underline;\">Ordner 2<\/span><\/strong><\/p><p><a href=\"http:\/\/b29neu.de\/wp-content\/uploads\/2023\/02\/B29-Machbarkeitsstudie-InhaltOrdner2.pdf\" target=\"_blank\" rel=\"noopener\">Detailuntersuchungen Inhaltsverzeichnis<\/a><\/p><p><a href=\"http:\/\/b29neu.de\/wp-content\/uploads\/2023\/02\/B29-Machbarkeitsstudie-Lageplan20000-alleVarianten.pdf\" target=\"_blank\" rel=\"noopener\">Lageplan alle Varianten<\/a><\/p><p><a href=\"http:\/\/b29neu.de\/wp-content\/uploads\/2023\/02\/B29-Machbarkeitsstudie-GutachterlicheSN.pdf\" target=\"_blank\" rel=\"noopener\">Gutachterliche Stellungnahme zur Wirksamkeit der Trassenvarianten zur B 29 Ost<\/a><\/p><p><a href=\"http:\/\/b29neu.de\/wp-content\/uploads\/2023\/02\/B29-Machbarkeitsstudie-Lageplan10000-AnschlussA7.pdf\" target=\"_blank\" rel=\"noopener\">Lageplan Anschluss A7<\/a><\/p><p><a href=\"http:\/\/b29neu.de\/wp-content\/uploads\/2023\/02\/B29-Machbarkeitsstudie-DetailuntersuchungV2.pdf\" target=\"_blank\" rel=\"noopener\">Detailuntersuchung Optimierung Variante 2<\/a><\/p><p><a href=\"http:\/\/b29neu.de\/wp-content\/uploads\/2023\/02\/B29-Machbarkeitsstudie-DetailuntersuchungRoehrbachsiedlg.pdf\" target=\"_blank\" rel=\"noopener\">Detailuntersuchung R\u00f6hrbachsiedlung<\/a><\/p><p><a href=\"http:\/\/b29neu.de\/wp-content\/uploads\/2023\/02\/B29-Machbarkeitsstudie-DetailuntersuchungSchlossberg-Flochberg.pdf\" target=\"_blank\" rel=\"noopener\">Detailuntersuchung Schlo\u00dfberg \/ Flochberg<\/a><\/p><p><a href=\"http:\/\/b29neu.de\/wp-content\/uploads\/2023\/02\/B29-Machbarkeitsstudie-DetailuntersuchungV1980.pdf\" target=\"_blank\" rel=\"noopener\">Detailuntersuchung &#8222;Variante 1980&#8220;<\/a><\/p><p><a href=\"http:\/\/b29neu.de\/wp-content\/uploads\/2023\/02\/B29-Machbarkeitsstudie-KartenSchutzgebiete.pdf\" target=\"_blank\" rel=\"noopener\">Karten Schutzgebiete<\/a><\/p><p><a href=\"http:\/\/b29neu.de\/wp-content\/uploads\/2023\/02\/B29-Machbarkeitsstudie-Kostenermittlungen.pdf\" target=\"_blank\" rel=\"noopener\">Kostenermittlungen<\/a><\/p>\t\t\t\t\t\t\t\t<\/div>\n\t\t\t\t<\/div>\n\t\t\t\t\t<\/div>\n\t\t\t\t<\/div>\n\t\t\t\t<\/div>\n\t\t","protected":false},"excerpt":{"rendered":"<p>Machbarkeitsstudie 2015 Der Ostalbkreis, die Stadt Bopfingen und die Gemeinde Riesb\u00fcrg fordern seit Jahrzehnten den Bau von Ortsumfahrungen im Zuge der B 29 f\u00fcr Pflaumloch und Trochtelfingen. Aus diesem Grund hat der Ostalbkreis mit Unterst\u00fctzung von Bopfingen und Riesb\u00fcrg eine Machbarkeitsstudie f\u00fcr eine ortsdurchfahrtsfreie Verbindung von N\u00f6rdlingen bis zur A7 im Ostalbkreis entwickelt. Dazu wurde [&hellip;]<\/p>\n","protected":false},"author":1,"featured_media":0,"parent":10,"menu_order":0,"comment_status":"closed","ping_status":"closed","template":"elementor_header_footer","meta":{"_acf_changed":false,"footnotes":""},"class_list":["post-757","page","type-page","status-publish","hentry"],"acf":[],"yoast_head":"<!-- This site is optimized with the Yoast SEO plugin v27.1.1 - https:\/\/yoast.com\/product\/yoast-seo-wordpress\/ -->\n<title>Machbarkeitsstudie 2015 - B29 NEU<\/title>\n<meta name=\"robots\" content=\"index, follow, max-snippet:-1, max-image-preview:large, max-video-preview:-1\" \/>\n<link rel=\"canonical\" href=\"https:\/\/b29neu.de\/planung\/machbarkeitsstudie-2015\" \/>\n<meta property=\"og:locale\" content=\"de_DE\" \/>\n<meta property=\"og:type\" content=\"article\" \/>\n<meta property=\"og:title\" content=\"Machbarkeitsstudie 2015 - B29 NEU\" \/>\n<meta property=\"og:description\" content=\"Machbarkeitsstudie 2015 Der Ostalbkreis, die Stadt Bopfingen und die Gemeinde Riesb\u00fcrg fordern seit Jahrzehnten den Bau von Ortsumfahrungen im Zuge der B 29 f\u00fcr Pflaumloch und Trochtelfingen. Aus diesem Grund hat der Ostalbkreis mit Unterst\u00fctzung von Bopfingen und Riesb\u00fcrg eine Machbarkeitsstudie f\u00fcr eine ortsdurchfahrtsfreie Verbindung von N\u00f6rdlingen bis zur A7 im Ostalbkreis entwickelt. Dazu wurde [&hellip;]\" \/>\n<meta property=\"og:url\" content=\"https:\/\/b29neu.de\/planung\/machbarkeitsstudie-2015\" \/>\n<meta property=\"og:site_name\" content=\"B29 NEU\" \/>\n<meta property=\"article:modified_time\" content=\"2023-02-22T14:46:21+00:00\" \/>\n<meta name=\"twitter:card\" content=\"summary_large_image\" \/>\n<meta name=\"twitter:label1\" content=\"Gesch\u00e4tzte Lesezeit\" \/>\n\t<meta name=\"twitter:data1\" content=\"2\u00a0Minuten\" \/>\n<script type=\"application\/ld+json\" class=\"yoast-schema-graph\">{\"@context\":\"https:\/\/schema.org\",\"@graph\":[{\"@type\":\"WebPage\",\"@id\":\"https:\/\/b29neu.de\/planung\/machbarkeitsstudie-2015\",\"url\":\"https:\/\/b29neu.de\/planung\/machbarkeitsstudie-2015\",\"name\":\"Machbarkeitsstudie 2015 - B29 NEU\",\"isPartOf\":{\"@id\":\"http:\/\/b29neu.de\/#website\"},\"datePublished\":\"2021-07-06T19:51:14+00:00\",\"dateModified\":\"2023-02-22T14:46:21+00:00\",\"breadcrumb\":{\"@id\":\"https:\/\/b29neu.de\/planung\/machbarkeitsstudie-2015#breadcrumb\"},\"inLanguage\":\"de\",\"potentialAction\":[{\"@type\":\"ReadAction\",\"target\":[\"https:\/\/b29neu.de\/planung\/machbarkeitsstudie-2015\"]}]},{\"@type\":\"BreadcrumbList\",\"@id\":\"https:\/\/b29neu.de\/planung\/machbarkeitsstudie-2015#breadcrumb\",\"itemListElement\":[{\"@type\":\"ListItem\",\"position\":1,\"name\":\"Startseite\",\"item\":\"https:\/\/b29neu.de\/\"},{\"@type\":\"ListItem\",\"position\":2,\"name\":\"Planung\",\"item\":\"https:\/\/b29neu.de\/planung\"},{\"@type\":\"ListItem\",\"position\":3,\"name\":\"Machbarkeitsstudie 2015\"}]},{\"@type\":\"WebSite\",\"@id\":\"http:\/\/b29neu.de\/#website\",\"url\":\"http:\/\/b29neu.de\/\",\"name\":\"B29neu Linienbestimmung R\u00f6ttingen \u2013 N\u00f6rdlingen\",\"description\":\"B29n zwischen R\u00f6ttingen und N\u00f6rdlingen\",\"publisher\":{\"@id\":\"http:\/\/b29neu.de\/#organization\"},\"potentialAction\":[{\"@type\":\"SearchAction\",\"target\":{\"@type\":\"EntryPoint\",\"urlTemplate\":\"http:\/\/b29neu.de\/?s={search_term_string}\"},\"query-input\":{\"@type\":\"PropertyValueSpecification\",\"valueRequired\":true,\"valueName\":\"search_term_string\"}}],\"inLanguage\":\"de\"},{\"@type\":\"Organization\",\"@id\":\"http:\/\/b29neu.de\/#organization\",\"name\":\"B29neu Linienbestimmung R\u00f6ttingen \u2013 N\u00f6rdlingen\",\"url\":\"http:\/\/b29neu.de\/\",\"logo\":{\"@type\":\"ImageObject\",\"inLanguage\":\"de\",\"@id\":\"http:\/\/b29neu.de\/#\/schema\/logo\/image\/\",\"url\":\"https:\/\/b29neu.de\/wp-content\/uploads\/2021\/04\/OAK-Logo.svg\",\"contentUrl\":\"https:\/\/b29neu.de\/wp-content\/uploads\/2021\/04\/OAK-Logo.svg\",\"width\":1,\"height\":1,\"caption\":\"B29neu Linienbestimmung R\u00f6ttingen \u2013 N\u00f6rdlingen\"},\"image\":{\"@id\":\"http:\/\/b29neu.de\/#\/schema\/logo\/image\/\"}}]}<\/script>\n<!-- \/ Yoast SEO plugin. -->","yoast_head_json":{"title":"Machbarkeitsstudie 2015 - B29 NEU","robots":{"index":"index","follow":"follow","max-snippet":"max-snippet:-1","max-image-preview":"max-image-preview:large","max-video-preview":"max-video-preview:-1"},"canonical":"https:\/\/b29neu.de\/planung\/machbarkeitsstudie-2015","og_locale":"de_DE","og_type":"article","og_title":"Machbarkeitsstudie 2015 - B29 NEU","og_description":"Machbarkeitsstudie 2015 Der Ostalbkreis, die Stadt Bopfingen und die Gemeinde Riesb\u00fcrg fordern seit Jahrzehnten den Bau von Ortsumfahrungen im Zuge der B 29 f\u00fcr Pflaumloch und Trochtelfingen. Aus diesem Grund hat der Ostalbkreis mit Unterst\u00fctzung von Bopfingen und Riesb\u00fcrg eine Machbarkeitsstudie f\u00fcr eine ortsdurchfahrtsfreie Verbindung von N\u00f6rdlingen bis zur A7 im Ostalbkreis entwickelt. Dazu wurde [&hellip;]","og_url":"https:\/\/b29neu.de\/planung\/machbarkeitsstudie-2015","og_site_name":"B29 NEU","article_modified_time":"2023-02-22T14:46:21+00:00","twitter_card":"summary_large_image","twitter_misc":{"Gesch\u00e4tzte Lesezeit":"2\u00a0Minuten"},"schema":{"@context":"https:\/\/schema.org","@graph":[{"@type":"WebPage","@id":"https:\/\/b29neu.de\/planung\/machbarkeitsstudie-2015","url":"https:\/\/b29neu.de\/planung\/machbarkeitsstudie-2015","name":"Machbarkeitsstudie 2015 - B29 NEU","isPartOf":{"@id":"http:\/\/b29neu.de\/#website"},"datePublished":"2021-07-06T19:51:14+00:00","dateModified":"2023-02-22T14:46:21+00:00","breadcrumb":{"@id":"https:\/\/b29neu.de\/planung\/machbarkeitsstudie-2015#breadcrumb"},"inLanguage":"de","potentialAction":[{"@type":"ReadAction","target":["https:\/\/b29neu.de\/planung\/machbarkeitsstudie-2015"]}]},{"@type":"BreadcrumbList","@id":"https:\/\/b29neu.de\/planung\/machbarkeitsstudie-2015#breadcrumb","itemListElement":[{"@type":"ListItem","position":1,"name":"Startseite","item":"https:\/\/b29neu.de\/"},{"@type":"ListItem","position":2,"name":"Planung","item":"https:\/\/b29neu.de\/planung"},{"@type":"ListItem","position":3,"name":"Machbarkeitsstudie 2015"}]},{"@type":"WebSite","@id":"http:\/\/b29neu.de\/#website","url":"http:\/\/b29neu.de\/","name":"B29neu Linienbestimmung R\u00f6ttingen \u2013 N\u00f6rdlingen","description":"B29n zwischen R\u00f6ttingen und N\u00f6rdlingen","publisher":{"@id":"http:\/\/b29neu.de\/#organization"},"potentialAction":[{"@type":"SearchAction","target":{"@type":"EntryPoint","urlTemplate":"http:\/\/b29neu.de\/?s={search_term_string}"},"query-input":{"@type":"PropertyValueSpecification","valueRequired":true,"valueName":"search_term_string"}}],"inLanguage":"de"},{"@type":"Organization","@id":"http:\/\/b29neu.de\/#organization","name":"B29neu Linienbestimmung R\u00f6ttingen \u2013 N\u00f6rdlingen","url":"http:\/\/b29neu.de\/","logo":{"@type":"ImageObject","inLanguage":"de","@id":"http:\/\/b29neu.de\/#\/schema\/logo\/image\/","url":"https:\/\/b29neu.de\/wp-content\/uploads\/2021\/04\/OAK-Logo.svg","contentUrl":"https:\/\/b29neu.de\/wp-content\/uploads\/2021\/04\/OAK-Logo.svg","width":1,"height":1,"caption":"B29neu Linienbestimmung R\u00f6ttingen \u2013 N\u00f6rdlingen"},"image":{"@id":"http:\/\/b29neu.de\/#\/schema\/logo\/image\/"}}]}},"_links":{"self":[{"href":"https:\/\/b29neu.de\/index.php?rest_route=\/wp\/v2\/pages\/757","targetHints":{"allow":["GET"]}}],"collection":[{"href":"https:\/\/b29neu.de\/index.php?rest_route=\/wp\/v2\/pages"}],"about":[{"href":"https:\/\/b29neu.de\/index.php?rest_route=\/wp\/v2\/types\/page"}],"author":[{"embeddable":true,"href":"https:\/\/b29neu.de\/index.php?rest_route=\/wp\/v2\/users\/1"}],"replies":[{"embeddable":true,"href":"https:\/\/b29neu.de\/index.php?rest_route=%2Fwp%2Fv2%2Fcomments&post=757"}],"version-history":[{"count":129,"href":"https:\/\/b29neu.de\/index.php?rest_route=\/wp\/v2\/pages\/757\/revisions"}],"predecessor-version":[{"id":3536,"href":"https:\/\/b29neu.de\/index.php?rest_route=\/wp\/v2\/pages\/757\/revisions\/3536"}],"up":[{"embeddable":true,"href":"https:\/\/b29neu.de\/index.php?rest_route=\/wp\/v2\/pages\/10"}],"wp:attachment":[{"href":"https:\/\/b29neu.de\/index.php?rest_route=%2Fwp%2Fv2%2Fmedia&parent=757"}],"curies":[{"name":"wp","href":"https:\/\/api.w.org\/{rel}","templated":true}]}}