{"id":3569,"date":"2023-06-18T11:38:03","date_gmt":"2023-06-18T09:38:03","guid":{"rendered":"https:\/\/b29neu.de\/?page_id=3569"},"modified":"2023-11-24T17:21:57","modified_gmt":"2023-11-24T15:21:57","slug":"scoping-termin","status":"publish","type":"page","link":"https:\/\/b29neu.de\/planung\/scoping-termin","title":{"rendered":"Scopingtermin"},"content":{"rendered":"\t\t<div data-elementor-type=\"wp-page\" data-elementor-id=\"3569\" class=\"elementor elementor-3569\" data-elementor-post-type=\"page\">\n\t\t\t\t<div class=\"elementor-element elementor-element-684654b e-flex e-con-boxed e-con e-parent\" data-id=\"684654b\" data-element_type=\"container\" data-e-type=\"container\">\n\t\t\t\t\t<div class=\"e-con-inner\">\n\t\t\t\t<div class=\"elementor-element elementor-element-575e594 elementor-widget elementor-widget-breadcrumbs\" data-id=\"575e594\" data-element_type=\"widget\" data-e-type=\"widget\" data-widget_type=\"breadcrumbs.default\">\n\t\t\t\t<div class=\"elementor-widget-container\">\n\t\t\t\t\t<p id=\"breadcrumbs\"><span><span><a href=\"https:\/\/b29neu.de\/\">Startseite<\/a><\/span><\/span><\/p>\t\t\t\t<\/div>\n\t\t\t\t<\/div>\n\t\t\t\t\t<\/div>\n\t\t\t\t<\/div>\n\t\t<div class=\"elementor-element elementor-element-9d6ebe1 e-flex e-con-boxed e-con e-parent\" data-id=\"9d6ebe1\" data-element_type=\"container\" data-e-type=\"container\">\n\t\t\t\t\t<div class=\"e-con-inner\">\n\t\t\t\t<div class=\"elementor-element elementor-element-e109280 elementor-widget elementor-widget-heading\" data-id=\"e109280\" data-element_type=\"widget\" data-e-type=\"widget\" data-widget_type=\"heading.default\">\n\t\t\t\t<div class=\"elementor-widget-container\">\n\t\t\t\t\t<h1 class=\"elementor-heading-title elementor-size-default\">Scopingtermin<\/h1>\t\t\t\t<\/div>\n\t\t\t\t<\/div>\n\t\t\t\t<div class=\"elementor-element elementor-element-dd2698d elementor-widget elementor-widget-text-editor\" data-id=\"dd2698d\" data-element_type=\"widget\" data-e-type=\"widget\" data-widget_type=\"text-editor.default\">\n\t\t\t\t<div class=\"elementor-widget-container\">\n\t\t\t\t\t\t\t\t\t<p>Der Scopingtermin fand am 26. Juli 2023 statt.<\/p>\n<p>Hier finden Sie die Unterlagen dazu:<\/p>\n<p><strong><a href=\"http:\/\/b29neu.de\/wp-content\/uploads\/2023\/06\/B29n-Roettingen-Noerdlingen-Scoping-Unterlagen.pdf\">B29n R\u00f6ttingen &#8211; N\u00f6rdlingen Scopingunterlage<\/a><\/strong><\/p>\n<p><strong><a href=\"http:\/\/b29neu.de\/wp-content\/uploads\/2023\/06\/Anlage_1_PRA_Fauna_B29n_Roettingen_200917.pdf\">Anlage 1 &#8211;<\/a> <a href=\"http:\/\/b29neu.de\/wp-content\/uploads\/2023\/06\/Anlage_1_PRA_Fauna_B29n_Roettingen_200917.pdf\">Bericht faunistische Planungsraumanalyse und spezifische Untersuchungsgebiete<\/a>, <a href=\"http:\/\/b29neu.de\/wp-content\/uploads\/2023\/06\/Anlage_1_PRA_B1.pdf\">Plan\/Blatt 1<\/a>, <a href=\"http:\/\/b29neu.de\/wp-content\/uploads\/2023\/06\/Anlage_1_PRA_B2.pdf\">Plan\/Blatt 2<\/a>, <a href=\"http:\/\/b29neu.de\/wp-content\/uploads\/2023\/06\/Anlage_1_PRA_B3.pdf\">Plan\/ Blatt 3<\/a><\/strong><\/p>\n<p><strong><a href=\"http:\/\/b29neu.de\/wp-content\/uploads\/2023\/06\/Anlage-2-B29-Neu-Linienbestimmung-Roettingen-U2013-Noerdlingen.-Dokumentation-faunistische-Kartierung.pdf\">Anlage 2 &#8211; Linienbestimmung, Dokumentation faunistische Kartierung<\/a><\/strong><\/p>\n<p><strong><a href=\"http:\/\/b29neu.de\/wp-content\/uploads\/2023\/06\/Anlage-3-Verkehrsuntersuchung-B29-neu-Roettingen-U2013-Noerdlingen-Bericht.pdf\">Anlage 3 &#8211; Bericht Verkehrsuntersuchung<\/a>, <a href=\"http:\/\/b29neu.de\/wp-content\/uploads\/2023\/06\/Anlage-3-Verkehrsuntersuchung-B29-neu-Roettingen-U2013-Noerdlingen-2021_Plaene01-64.pdf\">Pl\u00e4ne<\/a><\/strong><\/p>\n<p><strong><a href=\"http:\/\/b29neu.de\/wp-content\/uploads\/2023\/06\/Anlage_4-Unterschungsgebiet.pdf\">Anlage 4 &#8211; Untersuchungsgebiet &#8222;Linienfindung&#8220; mit Varianten<\/a><\/strong><\/p>\n<p><a href=\"https:\/\/b29neu.de\/wp-content\/uploads\/2023\/11\/B29n-Roettingen-Noerdlingen_230726_Protokoll_Scoping_final.pdf\" target=\"_blank\" rel=\"noopener\"><strong>Protokoll<\/strong><\/a><\/p>\n<p><strong><a href=\"https:\/\/b29neu.de\/wp-content\/uploads\/2023\/11\/B29n-Roettingen-Noerdlingen-Anlage-Scoping-Protokoll-26.07.2023_neutral.pdf\" target=\"_blank\" rel=\"noopener\">Anlage zum Protokoll Stellungnahmen<\/a><\/strong><\/p>\t\t\t\t\t\t\t\t<\/div>\n\t\t\t\t<\/div>\n\t\t\t\t\t<\/div>\n\t\t\t\t<\/div>\n\t\t\t\t<\/div>\n\t\t","protected":false},"excerpt":{"rendered":"<p>Scopingtermin Der Scopingtermin fand am 26. Juli 2023 statt. Hier finden Sie die Unterlagen dazu: B29n R\u00f6ttingen &#8211; N\u00f6rdlingen Scopingunterlage Anlage 1 &#8211; Bericht faunistische Planungsraumanalyse und spezifische Untersuchungsgebiete, Plan\/Blatt 1, Plan\/Blatt 2, Plan\/ Blatt 3 Anlage 2 &#8211; Linienbestimmung, Dokumentation faunistische Kartierung Anlage 3 &#8211; Bericht Verkehrsuntersuchung, Pl\u00e4ne Anlage 4 &#8211; Untersuchungsgebiet &#8222;Linienfindung&#8220; mit [&hellip;]<\/p>\n","protected":false},"author":3,"featured_media":0,"parent":10,"menu_order":0,"comment_status":"closed","ping_status":"closed","template":"elementor_header_footer","meta":{"_acf_changed":false,"footnotes":""},"class_list":["post-3569","page","type-page","status-publish","hentry"],"acf":[],"yoast_head":"<!-- This site is optimized with the Yoast SEO plugin v27.1.1 - https:\/\/yoast.com\/product\/yoast-seo-wordpress\/ -->\n<title>Scopingtermin - B29 NEU<\/title>\n<meta name=\"robots\" content=\"index, follow, max-snippet:-1, max-image-preview:large, max-video-preview:-1\" \/>\n<link rel=\"canonical\" href=\"https:\/\/b29neu.de\/planung\/scoping-termin\" \/>\n<meta property=\"og:locale\" content=\"de_DE\" \/>\n<meta property=\"og:type\" content=\"article\" \/>\n<meta property=\"og:title\" content=\"Scopingtermin - B29 NEU\" \/>\n<meta property=\"og:description\" content=\"Scopingtermin Der Scopingtermin fand am 26. Juli 2023 statt. Hier finden Sie die Unterlagen dazu: B29n R\u00f6ttingen &#8211; N\u00f6rdlingen Scopingunterlage Anlage 1 &#8211; Bericht faunistische Planungsraumanalyse und spezifische Untersuchungsgebiete, Plan\/Blatt 1, Plan\/Blatt 2, Plan\/ Blatt 3 Anlage 2 &#8211; Linienbestimmung, Dokumentation faunistische Kartierung Anlage 3 &#8211; Bericht Verkehrsuntersuchung, Pl\u00e4ne Anlage 4 &#8211; Untersuchungsgebiet &#8222;Linienfindung&#8220; mit [&hellip;]\" \/>\n<meta property=\"og:url\" content=\"https:\/\/b29neu.de\/planung\/scoping-termin\" \/>\n<meta property=\"og:site_name\" content=\"B29 NEU\" \/>\n<meta property=\"article:modified_time\" content=\"2023-11-24T15:21:57+00:00\" \/>\n<meta name=\"twitter:card\" content=\"summary_large_image\" \/>\n<meta name=\"twitter:label1\" content=\"Gesch\u00e4tzte Lesezeit\" \/>\n\t<meta name=\"twitter:data1\" content=\"1\u00a0Minute\" \/>\n<script type=\"application\/ld+json\" class=\"yoast-schema-graph\">{\"@context\":\"https:\/\/schema.org\",\"@graph\":[{\"@type\":\"WebPage\",\"@id\":\"https:\/\/b29neu.de\/planung\/scoping-termin\",\"url\":\"https:\/\/b29neu.de\/planung\/scoping-termin\",\"name\":\"Scopingtermin - B29 NEU\",\"isPartOf\":{\"@id\":\"http:\/\/b29neu.de\/#website\"},\"datePublished\":\"2023-06-18T09:38:03+00:00\",\"dateModified\":\"2023-11-24T15:21:57+00:00\",\"breadcrumb\":{\"@id\":\"https:\/\/b29neu.de\/planung\/scoping-termin#breadcrumb\"},\"inLanguage\":\"de\",\"potentialAction\":[{\"@type\":\"ReadAction\",\"target\":[\"https:\/\/b29neu.de\/planung\/scoping-termin\"]}]},{\"@type\":\"BreadcrumbList\",\"@id\":\"https:\/\/b29neu.de\/planung\/scoping-termin#breadcrumb\",\"itemListElement\":[{\"@type\":\"ListItem\",\"position\":1,\"name\":\"Startseite\",\"item\":\"https:\/\/b29neu.de\/\"},{\"@type\":\"ListItem\",\"position\":2,\"name\":\"Planung\",\"item\":\"https:\/\/b29neu.de\/planung\"},{\"@type\":\"ListItem\",\"position\":3,\"name\":\"Scopingtermin\"}]},{\"@type\":\"WebSite\",\"@id\":\"http:\/\/b29neu.de\/#website\",\"url\":\"http:\/\/b29neu.de\/\",\"name\":\"B29neu Linienbestimmung R\u00f6ttingen \u2013 N\u00f6rdlingen\",\"description\":\"B29n zwischen R\u00f6ttingen und N\u00f6rdlingen\",\"publisher\":{\"@id\":\"http:\/\/b29neu.de\/#organization\"},\"potentialAction\":[{\"@type\":\"SearchAction\",\"target\":{\"@type\":\"EntryPoint\",\"urlTemplate\":\"http:\/\/b29neu.de\/?s={search_term_string}\"},\"query-input\":{\"@type\":\"PropertyValueSpecification\",\"valueRequired\":true,\"valueName\":\"search_term_string\"}}],\"inLanguage\":\"de\"},{\"@type\":\"Organization\",\"@id\":\"http:\/\/b29neu.de\/#organization\",\"name\":\"B29neu Linienbestimmung R\u00f6ttingen \u2013 N\u00f6rdlingen\",\"url\":\"http:\/\/b29neu.de\/\",\"logo\":{\"@type\":\"ImageObject\",\"inLanguage\":\"de\",\"@id\":\"http:\/\/b29neu.de\/#\/schema\/logo\/image\/\",\"url\":\"https:\/\/b29neu.de\/wp-content\/uploads\/2021\/04\/OAK-Logo.svg\",\"contentUrl\":\"https:\/\/b29neu.de\/wp-content\/uploads\/2021\/04\/OAK-Logo.svg\",\"width\":1,\"height\":1,\"caption\":\"B29neu Linienbestimmung R\u00f6ttingen \u2013 N\u00f6rdlingen\"},\"image\":{\"@id\":\"http:\/\/b29neu.de\/#\/schema\/logo\/image\/\"}}]}<\/script>\n<!-- \/ Yoast SEO plugin. -->","yoast_head_json":{"title":"Scopingtermin - B29 NEU","robots":{"index":"index","follow":"follow","max-snippet":"max-snippet:-1","max-image-preview":"max-image-preview:large","max-video-preview":"max-video-preview:-1"},"canonical":"https:\/\/b29neu.de\/planung\/scoping-termin","og_locale":"de_DE","og_type":"article","og_title":"Scopingtermin - B29 NEU","og_description":"Scopingtermin Der Scopingtermin fand am 26. Juli 2023 statt. Hier finden Sie die Unterlagen dazu: B29n R\u00f6ttingen &#8211; N\u00f6rdlingen Scopingunterlage Anlage 1 &#8211; Bericht faunistische Planungsraumanalyse und spezifische Untersuchungsgebiete, Plan\/Blatt 1, Plan\/Blatt 2, Plan\/ Blatt 3 Anlage 2 &#8211; Linienbestimmung, Dokumentation faunistische Kartierung Anlage 3 &#8211; Bericht Verkehrsuntersuchung, Pl\u00e4ne Anlage 4 &#8211; Untersuchungsgebiet &#8222;Linienfindung&#8220; mit [&hellip;]","og_url":"https:\/\/b29neu.de\/planung\/scoping-termin","og_site_name":"B29 NEU","article_modified_time":"2023-11-24T15:21:57+00:00","twitter_card":"summary_large_image","twitter_misc":{"Gesch\u00e4tzte Lesezeit":"1\u00a0Minute"},"schema":{"@context":"https:\/\/schema.org","@graph":[{"@type":"WebPage","@id":"https:\/\/b29neu.de\/planung\/scoping-termin","url":"https:\/\/b29neu.de\/planung\/scoping-termin","name":"Scopingtermin - B29 NEU","isPartOf":{"@id":"http:\/\/b29neu.de\/#website"},"datePublished":"2023-06-18T09:38:03+00:00","dateModified":"2023-11-24T15:21:57+00:00","breadcrumb":{"@id":"https:\/\/b29neu.de\/planung\/scoping-termin#breadcrumb"},"inLanguage":"de","potentialAction":[{"@type":"ReadAction","target":["https:\/\/b29neu.de\/planung\/scoping-termin"]}]},{"@type":"BreadcrumbList","@id":"https:\/\/b29neu.de\/planung\/scoping-termin#breadcrumb","itemListElement":[{"@type":"ListItem","position":1,"name":"Startseite","item":"https:\/\/b29neu.de\/"},{"@type":"ListItem","position":2,"name":"Planung","item":"https:\/\/b29neu.de\/planung"},{"@type":"ListItem","position":3,"name":"Scopingtermin"}]},{"@type":"WebSite","@id":"http:\/\/b29neu.de\/#website","url":"http:\/\/b29neu.de\/","name":"B29neu Linienbestimmung R\u00f6ttingen \u2013 N\u00f6rdlingen","description":"B29n zwischen R\u00f6ttingen und N\u00f6rdlingen","publisher":{"@id":"http:\/\/b29neu.de\/#organization"},"potentialAction":[{"@type":"SearchAction","target":{"@type":"EntryPoint","urlTemplate":"http:\/\/b29neu.de\/?s={search_term_string}"},"query-input":{"@type":"PropertyValueSpecification","valueRequired":true,"valueName":"search_term_string"}}],"inLanguage":"de"},{"@type":"Organization","@id":"http:\/\/b29neu.de\/#organization","name":"B29neu Linienbestimmung R\u00f6ttingen \u2013 N\u00f6rdlingen","url":"http:\/\/b29neu.de\/","logo":{"@type":"ImageObject","inLanguage":"de","@id":"http:\/\/b29neu.de\/#\/schema\/logo\/image\/","url":"https:\/\/b29neu.de\/wp-content\/uploads\/2021\/04\/OAK-Logo.svg","contentUrl":"https:\/\/b29neu.de\/wp-content\/uploads\/2021\/04\/OAK-Logo.svg","width":1,"height":1,"caption":"B29neu Linienbestimmung R\u00f6ttingen \u2013 N\u00f6rdlingen"},"image":{"@id":"http:\/\/b29neu.de\/#\/schema\/logo\/image\/"}}]}},"_links":{"self":[{"href":"https:\/\/b29neu.de\/index.php?rest_route=\/wp\/v2\/pages\/3569","targetHints":{"allow":["GET"]}}],"collection":[{"href":"https:\/\/b29neu.de\/index.php?rest_route=\/wp\/v2\/pages"}],"about":[{"href":"https:\/\/b29neu.de\/index.php?rest_route=\/wp\/v2\/types\/page"}],"author":[{"embeddable":true,"href":"https:\/\/b29neu.de\/index.php?rest_route=\/wp\/v2\/users\/3"}],"replies":[{"embeddable":true,"href":"https:\/\/b29neu.de\/index.php?rest_route=%2Fwp%2Fv2%2Fcomments&post=3569"}],"version-history":[{"count":42,"href":"https:\/\/b29neu.de\/index.php?rest_route=\/wp\/v2\/pages\/3569\/revisions"}],"predecessor-version":[{"id":3730,"href":"https:\/\/b29neu.de\/index.php?rest_route=\/wp\/v2\/pages\/3569\/revisions\/3730"}],"up":[{"embeddable":true,"href":"https:\/\/b29neu.de\/index.php?rest_route=\/wp\/v2\/pages\/10"}],"wp:attachment":[{"href":"https:\/\/b29neu.de\/index.php?rest_route=%2Fwp%2Fv2%2Fmedia&parent=3569"}],"curies":[{"name":"wp","href":"https:\/\/api.w.org\/{rel}","templated":true}]}}