{"id":2891,"date":"2023-02-10T11:39:41","date_gmt":"2023-02-10T09:39:41","guid":{"rendered":"https:\/\/b29neu.de\/?page_id=2891"},"modified":"2023-02-17T14:48:25","modified_gmt":"2023-02-17T12:48:25","slug":"varianten-in-der-diskussion","status":"publish","type":"page","link":"https:\/\/b29neu.de\/planung\/anlass","title":{"rendered":"Anlass"},"content":{"rendered":"\t\t<div data-elementor-type=\"wp-page\" data-elementor-id=\"2891\" class=\"elementor elementor-2891\" data-elementor-post-type=\"page\">\n\t\t\t\t<div class=\"elementor-element elementor-element-b233fb7 e-ecs-flex e-flex e-con-boxed e-con e-parent\" data-id=\"b233fb7\" data-element_type=\"container\" data-e-type=\"container\" data-settings=\"{&quot;ecs_container_type&quot;:&quot;flex&quot;}\">\n\t\t\t\t\t<div class=\"e-con-inner\">\n\t\t\t\t<div class=\"elementor-element elementor-element-ee8fb53 elementor-widget elementor-widget-breadcrumbs\" data-id=\"ee8fb53\" data-element_type=\"widget\" data-e-type=\"widget\" data-widget_type=\"breadcrumbs.default\">\n\t\t\t\t<div class=\"elementor-widget-container\">\n\t\t\t\t\t<p id=\"breadcrumbs\"><span><span><a href=\"https:\/\/b29neu.de\/\">Startseite<\/a><\/span><\/span><\/p>\t\t\t\t<\/div>\n\t\t\t\t<\/div>\n\t\t\t\t<div class=\"elementor-element elementor-element-771fd7a elementor-widget elementor-widget-heading\" data-id=\"771fd7a\" data-element_type=\"widget\" data-e-type=\"widget\" data-widget_type=\"heading.default\">\n\t\t\t\t<div class=\"elementor-widget-container\">\n\t\t\t\t\t<h1 class=\"elementor-heading-title elementor-size-default\">Anlass<\/h1>\t\t\t\t<\/div>\n\t\t\t\t<\/div>\n\t\t\t\t\t<\/div>\n\t\t\t\t<\/div>\n\t\t<div class=\"elementor-element elementor-element-60ab2ea e-ecs-flex e-flex e-con-boxed e-con e-parent\" data-id=\"60ab2ea\" data-element_type=\"container\" data-e-type=\"container\" data-settings=\"{&quot;ecs_container_type&quot;:&quot;flex&quot;}\">\n\t\t\t\t\t<div class=\"e-con-inner\">\n\t\t\t\t<div class=\"elementor-element elementor-element-5a08b15 elementor-widget elementor-widget-text-editor\" data-id=\"5a08b15\" data-element_type=\"widget\" data-e-type=\"widget\" data-widget_type=\"text-editor.default\">\n\t\t\t\t<div class=\"elementor-widget-container\">\n\t\t\t\t\t\t\t\t\t<p>Aufgrund der besonderen Bedeutung hat der Bund die B 29 zwischen Stuttgart und N\u00f6rdlingen im April 2018 der Verbindungsfunktionsstufe 1 (gro\u00dfr\u00e4umig &#8211; Verbindung Oberzentrum Stuttgart mit Metropole Augsburg) zugewiesen.<\/p><p>Die B 29 in Verbindung mit der B 25 sind f\u00fcr die regionale Wirtschaft im Ostalbkreis und im bayerischen Ries die Hauptschlagader f\u00fcr den G\u00fcterverkehr zu den Industriestandorten in den benachbarten Wirtschaftsr\u00e4umen des mittleren Neckarraums und der Region Schwaben. Gleichzeitig dient sie dem von den Gewerbe- und Industriestandorten ausgehenden Personenverkehr.<\/p><p>Das Verkehrsgeschehen auf der B 29 und B 25 ist deshalb haupts\u00e4chlich vom Berufs- und Wirtschaftsverkehr bestimmt. Ein guter Ausbaustandard, der ein sicheres und z\u00fcgiges Vorw\u00e4rtskommen erm\u00f6glicht, ist deshalb ein \u00e4u\u00dferst wichtiger Standortfaktor im eher l\u00e4ndlich gepr\u00e4gten Raum Ostw\u00fcrttemberg und in Bayerisch Schwaben. Gem\u00e4\u00df Bedarfsplan handelt es sich um ein l\u00e4nder\u00fcbergreifendes Projekt, welches die Bundesl\u00e4nder Baden- W\u00fcrttemberg und Bayern betrifft.<\/p><p>Betroffene Landkreise sind die Landkreise Ostalbkreis und Donau Ries. Nachdem die Bundesfernstra\u00dfen ein zusammenh\u00e4ngendes Netz (\u00a71 FStrG) bilden sollen, das bedarfsorientiert Chancen f\u00fcr eine nachhaltige Wirtschaftsstruktur bietet, darf die Einheitlichkeit dieses Netzes nicht an L\u00e4ndergrenzen enden. Bezogen auf die Situation der B 25\/ B 29 bedeutet dies, dass ein Gesamtkonzept f\u00fcr den Ausbau der B 25 von Donauw\u00f6rth bis Feuchtwangen vorliegt, eine bedarfsgerechte Fortsetzung in Richtung BAB A7 und Aalen bisher jedoch au\u00dfer Acht gelassen wurde. Durch den Neubau zwischen R\u00f6ttingen und N\u00f6rdlingen soll die Schaffung einer angemessenen Verkehrsqualit\u00e4t erreicht werden. Diese dient der Entlastung hochbelasteter Ortsdurchfahrten und der Beseitigung von Engstellen.<\/p>\t\t\t\t\t\t\t\t<\/div>\n\t\t\t\t<\/div>\n\t\t\t\t\t<\/div>\n\t\t\t\t<\/div>\n\t\t\t\t<\/div>\n\t\t","protected":false},"excerpt":{"rendered":"<p>Anlass Aufgrund der besonderen Bedeutung hat der Bund die B 29 zwischen Stuttgart und N\u00f6rdlingen im April 2018 der Verbindungsfunktionsstufe 1 (gro\u00dfr\u00e4umig &#8211; Verbindung Oberzentrum Stuttgart mit Metropole Augsburg) zugewiesen. Die B 29 in Verbindung mit der B 25 sind f\u00fcr die regionale Wirtschaft im Ostalbkreis und im bayerischen Ries die Hauptschlagader f\u00fcr den G\u00fcterverkehr [&hellip;]<\/p>\n","protected":false},"author":1,"featured_media":0,"parent":10,"menu_order":0,"comment_status":"closed","ping_status":"closed","template":"elementor_header_footer","meta":{"_acf_changed":false,"footnotes":""},"class_list":["post-2891","page","type-page","status-publish","hentry"],"acf":[],"yoast_head":"<!-- This site is optimized with the Yoast SEO plugin v27.1.1 - https:\/\/yoast.com\/product\/yoast-seo-wordpress\/ -->\n<title>Anlass - B29 NEU<\/title>\n<meta name=\"robots\" content=\"index, follow, max-snippet:-1, max-image-preview:large, max-video-preview:-1\" \/>\n<link rel=\"canonical\" href=\"https:\/\/b29neu.de\/planung\/anlass\" \/>\n<meta property=\"og:locale\" content=\"de_DE\" \/>\n<meta property=\"og:type\" content=\"article\" \/>\n<meta property=\"og:title\" content=\"Anlass - B29 NEU\" \/>\n<meta property=\"og:description\" content=\"Anlass Aufgrund der besonderen Bedeutung hat der Bund die B 29 zwischen Stuttgart und N\u00f6rdlingen im April 2018 der Verbindungsfunktionsstufe 1 (gro\u00dfr\u00e4umig &#8211; Verbindung Oberzentrum Stuttgart mit Metropole Augsburg) zugewiesen. Die B 29 in Verbindung mit der B 25 sind f\u00fcr die regionale Wirtschaft im Ostalbkreis und im bayerischen Ries die Hauptschlagader f\u00fcr den G\u00fcterverkehr [&hellip;]\" \/>\n<meta property=\"og:url\" content=\"https:\/\/b29neu.de\/planung\/anlass\" \/>\n<meta property=\"og:site_name\" content=\"B29 NEU\" \/>\n<meta property=\"article:modified_time\" content=\"2023-02-17T12:48:25+00:00\" \/>\n<meta name=\"twitter:card\" content=\"summary_large_image\" \/>\n<meta name=\"twitter:label1\" content=\"Gesch\u00e4tzte Lesezeit\" \/>\n\t<meta name=\"twitter:data1\" content=\"2\u00a0Minuten\" \/>\n<script type=\"application\/ld+json\" class=\"yoast-schema-graph\">{\"@context\":\"https:\/\/schema.org\",\"@graph\":[{\"@type\":\"WebPage\",\"@id\":\"https:\/\/b29neu.de\/planung\/anlass\",\"url\":\"https:\/\/b29neu.de\/planung\/anlass\",\"name\":\"Anlass - B29 NEU\",\"isPartOf\":{\"@id\":\"http:\/\/b29neu.de\/#website\"},\"datePublished\":\"2023-02-10T09:39:41+00:00\",\"dateModified\":\"2023-02-17T12:48:25+00:00\",\"breadcrumb\":{\"@id\":\"https:\/\/b29neu.de\/planung\/anlass#breadcrumb\"},\"inLanguage\":\"de\",\"potentialAction\":[{\"@type\":\"ReadAction\",\"target\":[\"https:\/\/b29neu.de\/planung\/anlass\"]}]},{\"@type\":\"BreadcrumbList\",\"@id\":\"https:\/\/b29neu.de\/planung\/anlass#breadcrumb\",\"itemListElement\":[{\"@type\":\"ListItem\",\"position\":1,\"name\":\"Startseite\",\"item\":\"https:\/\/b29neu.de\/\"},{\"@type\":\"ListItem\",\"position\":2,\"name\":\"Planung\",\"item\":\"https:\/\/b29neu.de\/planung\"},{\"@type\":\"ListItem\",\"position\":3,\"name\":\"Anlass\"}]},{\"@type\":\"WebSite\",\"@id\":\"http:\/\/b29neu.de\/#website\",\"url\":\"http:\/\/b29neu.de\/\",\"name\":\"B29neu Linienbestimmung R\u00f6ttingen \u2013 N\u00f6rdlingen\",\"description\":\"B29n zwischen R\u00f6ttingen und N\u00f6rdlingen\",\"publisher\":{\"@id\":\"http:\/\/b29neu.de\/#organization\"},\"potentialAction\":[{\"@type\":\"SearchAction\",\"target\":{\"@type\":\"EntryPoint\",\"urlTemplate\":\"http:\/\/b29neu.de\/?s={search_term_string}\"},\"query-input\":{\"@type\":\"PropertyValueSpecification\",\"valueRequired\":true,\"valueName\":\"search_term_string\"}}],\"inLanguage\":\"de\"},{\"@type\":\"Organization\",\"@id\":\"http:\/\/b29neu.de\/#organization\",\"name\":\"B29neu Linienbestimmung R\u00f6ttingen \u2013 N\u00f6rdlingen\",\"url\":\"http:\/\/b29neu.de\/\",\"logo\":{\"@type\":\"ImageObject\",\"inLanguage\":\"de\",\"@id\":\"http:\/\/b29neu.de\/#\/schema\/logo\/image\/\",\"url\":\"https:\/\/b29neu.de\/wp-content\/uploads\/2021\/04\/OAK-Logo.svg\",\"contentUrl\":\"https:\/\/b29neu.de\/wp-content\/uploads\/2021\/04\/OAK-Logo.svg\",\"width\":1,\"height\":1,\"caption\":\"B29neu Linienbestimmung R\u00f6ttingen \u2013 N\u00f6rdlingen\"},\"image\":{\"@id\":\"http:\/\/b29neu.de\/#\/schema\/logo\/image\/\"}}]}<\/script>\n<!-- \/ Yoast SEO plugin. -->","yoast_head_json":{"title":"Anlass - B29 NEU","robots":{"index":"index","follow":"follow","max-snippet":"max-snippet:-1","max-image-preview":"max-image-preview:large","max-video-preview":"max-video-preview:-1"},"canonical":"https:\/\/b29neu.de\/planung\/anlass","og_locale":"de_DE","og_type":"article","og_title":"Anlass - B29 NEU","og_description":"Anlass Aufgrund der besonderen Bedeutung hat der Bund die B 29 zwischen Stuttgart und N\u00f6rdlingen im April 2018 der Verbindungsfunktionsstufe 1 (gro\u00dfr\u00e4umig &#8211; Verbindung Oberzentrum Stuttgart mit Metropole Augsburg) zugewiesen. Die B 29 in Verbindung mit der B 25 sind f\u00fcr die regionale Wirtschaft im Ostalbkreis und im bayerischen Ries die Hauptschlagader f\u00fcr den G\u00fcterverkehr [&hellip;]","og_url":"https:\/\/b29neu.de\/planung\/anlass","og_site_name":"B29 NEU","article_modified_time":"2023-02-17T12:48:25+00:00","twitter_card":"summary_large_image","twitter_misc":{"Gesch\u00e4tzte Lesezeit":"2\u00a0Minuten"},"schema":{"@context":"https:\/\/schema.org","@graph":[{"@type":"WebPage","@id":"https:\/\/b29neu.de\/planung\/anlass","url":"https:\/\/b29neu.de\/planung\/anlass","name":"Anlass - B29 NEU","isPartOf":{"@id":"http:\/\/b29neu.de\/#website"},"datePublished":"2023-02-10T09:39:41+00:00","dateModified":"2023-02-17T12:48:25+00:00","breadcrumb":{"@id":"https:\/\/b29neu.de\/planung\/anlass#breadcrumb"},"inLanguage":"de","potentialAction":[{"@type":"ReadAction","target":["https:\/\/b29neu.de\/planung\/anlass"]}]},{"@type":"BreadcrumbList","@id":"https:\/\/b29neu.de\/planung\/anlass#breadcrumb","itemListElement":[{"@type":"ListItem","position":1,"name":"Startseite","item":"https:\/\/b29neu.de\/"},{"@type":"ListItem","position":2,"name":"Planung","item":"https:\/\/b29neu.de\/planung"},{"@type":"ListItem","position":3,"name":"Anlass"}]},{"@type":"WebSite","@id":"http:\/\/b29neu.de\/#website","url":"http:\/\/b29neu.de\/","name":"B29neu Linienbestimmung R\u00f6ttingen \u2013 N\u00f6rdlingen","description":"B29n zwischen R\u00f6ttingen und N\u00f6rdlingen","publisher":{"@id":"http:\/\/b29neu.de\/#organization"},"potentialAction":[{"@type":"SearchAction","target":{"@type":"EntryPoint","urlTemplate":"http:\/\/b29neu.de\/?s={search_term_string}"},"query-input":{"@type":"PropertyValueSpecification","valueRequired":true,"valueName":"search_term_string"}}],"inLanguage":"de"},{"@type":"Organization","@id":"http:\/\/b29neu.de\/#organization","name":"B29neu Linienbestimmung R\u00f6ttingen \u2013 N\u00f6rdlingen","url":"http:\/\/b29neu.de\/","logo":{"@type":"ImageObject","inLanguage":"de","@id":"http:\/\/b29neu.de\/#\/schema\/logo\/image\/","url":"https:\/\/b29neu.de\/wp-content\/uploads\/2021\/04\/OAK-Logo.svg","contentUrl":"https:\/\/b29neu.de\/wp-content\/uploads\/2021\/04\/OAK-Logo.svg","width":1,"height":1,"caption":"B29neu Linienbestimmung R\u00f6ttingen \u2013 N\u00f6rdlingen"},"image":{"@id":"http:\/\/b29neu.de\/#\/schema\/logo\/image\/"}}]}},"_links":{"self":[{"href":"https:\/\/b29neu.de\/index.php?rest_route=\/wp\/v2\/pages\/2891","targetHints":{"allow":["GET"]}}],"collection":[{"href":"https:\/\/b29neu.de\/index.php?rest_route=\/wp\/v2\/pages"}],"about":[{"href":"https:\/\/b29neu.de\/index.php?rest_route=\/wp\/v2\/types\/page"}],"author":[{"embeddable":true,"href":"https:\/\/b29neu.de\/index.php?rest_route=\/wp\/v2\/users\/1"}],"replies":[{"embeddable":true,"href":"https:\/\/b29neu.de\/index.php?rest_route=%2Fwp%2Fv2%2Fcomments&post=2891"}],"version-history":[{"count":47,"href":"https:\/\/b29neu.de\/index.php?rest_route=\/wp\/v2\/pages\/2891\/revisions"}],"predecessor-version":[{"id":3440,"href":"https:\/\/b29neu.de\/index.php?rest_route=\/wp\/v2\/pages\/2891\/revisions\/3440"}],"up":[{"embeddable":true,"href":"https:\/\/b29neu.de\/index.php?rest_route=\/wp\/v2\/pages\/10"}],"wp:attachment":[{"href":"https:\/\/b29neu.de\/index.php?rest_route=%2Fwp%2Fv2%2Fmedia&parent=2891"}],"curies":[{"name":"wp","href":"https:\/\/api.w.org\/{rel}","templated":true}]}}