{"id":1156,"date":"2021-07-07T14:38:49","date_gmt":"2021-07-07T12:38:49","guid":{"rendered":"http:\/\/b29neu.de\/?page_id=1156"},"modified":"2023-02-12T19:47:50","modified_gmt":"2023-02-12T17:47:50","slug":"impressum","status":"publish","type":"page","link":"https:\/\/b29neu.de\/impressum","title":{"rendered":"Impressum"},"content":{"rendered":"\t\t<div data-elementor-type=\"wp-page\" data-elementor-id=\"1156\" class=\"elementor elementor-1156\" data-elementor-post-type=\"page\">\n\t\t\t\t\t\t<section class=\"elementor-section elementor-top-section elementor-element elementor-element-2621e56 elementor-section-boxed elementor-section-height-default elementor-section-height-default\" data-id=\"2621e56\" data-element_type=\"section\" data-e-type=\"section\">\n\t\t\t\t\t\t<div class=\"elementor-container elementor-column-gap-default\">\n\t\t\t\t\t<div class=\"elementor-column elementor-col-100 elementor-top-column elementor-element elementor-element-7e599cb2\" data-id=\"7e599cb2\" data-element_type=\"column\" data-e-type=\"column\" data-settings=\"{&quot;background_background&quot;:&quot;classic&quot;}\">\n\t\t\t<div class=\"elementor-widget-wrap elementor-element-populated\">\n\t\t\t\t\t\t<div class=\"elementor-element elementor-element-4a724e06 elementor-widget elementor-widget-heading\" data-id=\"4a724e06\" data-element_type=\"widget\" data-e-type=\"widget\" data-widget_type=\"heading.default\">\n\t\t\t\t<div class=\"elementor-widget-container\">\n\t\t\t\t\t<h1 class=\"elementor-heading-title elementor-size-default\">Impressum<\/h1>\t\t\t\t<\/div>\n\t\t\t\t<\/div>\n\t\t\t\t\t<\/div>\n\t\t<\/div>\n\t\t\t\t\t<\/div>\n\t\t<\/section>\n\t\t\t\t<section class=\"elementor-section elementor-top-section elementor-element elementor-element-2c1dc70 elementor-section-boxed elementor-section-height-default elementor-section-height-default\" data-id=\"2c1dc70\" data-element_type=\"section\" data-e-type=\"section\">\n\t\t\t\t\t\t<div class=\"elementor-container elementor-column-gap-default\">\n\t\t\t\t\t<div class=\"elementor-column elementor-col-100 elementor-top-column elementor-element elementor-element-18efe540\" data-id=\"18efe540\" data-element_type=\"column\" data-e-type=\"column\">\n\t\t\t<div class=\"elementor-widget-wrap elementor-element-populated\">\n\t\t\t\t\t\t<div class=\"elementor-element elementor-element-4e3282b elementor-widget elementor-widget-heading\" data-id=\"4e3282b\" data-element_type=\"widget\" data-e-type=\"widget\" data-widget_type=\"heading.default\">\n\t\t\t\t<div class=\"elementor-widget-container\">\n\t\t\t\t\t<h2 class=\"elementor-heading-title elementor-size-default\">Herausgeber<\/h2>\t\t\t\t<\/div>\n\t\t\t\t<\/div>\n\t\t\t\t<div class=\"elementor-element elementor-element-27f7055e elementor-widget elementor-widget-text-editor\" data-id=\"27f7055e\" data-element_type=\"widget\" data-e-type=\"widget\" data-widget_type=\"text-editor.default\">\n\t\t\t\t<div class=\"elementor-widget-container\">\n\t\t\t\t\t\t\t\t\t<p>team ewen GbR \/ ewen knapstein sch\u00f6nfelder<\/p><p>H\u00fcgelstra\u00dfe 19<br \/>D 64283 Darmstadt<\/p><p><strong>Kontakt<\/strong><br \/>Telefon: +49 (0)6151 275 100-0<br \/>Email: mail@team-ewen.de<\/p><p>Im Auftrag des Landkreis Ostalbkreis<\/p>\t\t\t\t\t\t\t\t<\/div>\n\t\t\t\t<\/div>\n\t\t\t\t\t<\/div>\n\t\t<\/div>\n\t\t\t\t\t<\/div>\n\t\t<\/section>\n\t\t\t\t<section class=\"elementor-section elementor-top-section elementor-element elementor-element-3f8e39e elementor-section-boxed elementor-section-height-default elementor-section-height-default\" data-id=\"3f8e39e\" data-element_type=\"section\" data-e-type=\"section\">\n\t\t\t\t\t\t<div class=\"elementor-container elementor-column-gap-default\">\n\t\t\t\t\t<div class=\"elementor-column elementor-col-100 elementor-top-column elementor-element elementor-element-b6ed4a1\" data-id=\"b6ed4a1\" data-element_type=\"column\" data-e-type=\"column\">\n\t\t\t<div class=\"elementor-widget-wrap elementor-element-populated\">\n\t\t\t\t\t\t<div class=\"elementor-element elementor-element-04a2751 elementor-widget elementor-widget-heading\" data-id=\"04a2751\" data-element_type=\"widget\" data-e-type=\"widget\" data-widget_type=\"heading.default\">\n\t\t\t\t<div class=\"elementor-widget-container\">\n\t\t\t\t\t<h2 class=\"elementor-heading-title elementor-size-default\">Verpflichtende Angaben nach \u00a7 5 Telemediengesetz<\/h2>\t\t\t\t<\/div>\n\t\t\t\t<\/div>\n\t\t\t\t<div class=\"elementor-element elementor-element-d0ed18c elementor-widget elementor-widget-text-editor\" data-id=\"d0ed18c\" data-element_type=\"widget\" data-e-type=\"widget\" data-widget_type=\"text-editor.default\">\n\t\t\t\t<div class=\"elementor-widget-container\">\n\t\t\t\t\t\t\t\t\t<p>Umsatzsteuer-Identifikationsnummer gem\u00e4\u00df \u00a7 27a Umsatzsteuergesetz: DE309853125<\/p><p>Gesch\u00e4ftsf\u00fchrer: Dr. Christoph Ewen, Carla Sch\u00f6nfelder, Yvonne Knapstein<\/p><p>Inhaltlich Verantwortliche: Yvonne Knapstein, Fridtjof Ilgner<\/p>\t\t\t\t\t\t\t\t<\/div>\n\t\t\t\t<\/div>\n\t\t\t\t\t<\/div>\n\t\t<\/div>\n\t\t\t\t\t<\/div>\n\t\t<\/section>\n\t\t\t\t<section class=\"elementor-section elementor-top-section elementor-element elementor-element-dbb36ca elementor-section-boxed elementor-section-height-default elementor-section-height-default\" data-id=\"dbb36ca\" data-element_type=\"section\" data-e-type=\"section\">\n\t\t\t\t\t\t<div class=\"elementor-container elementor-column-gap-default\">\n\t\t\t\t\t<div class=\"elementor-column elementor-col-100 elementor-top-column elementor-element elementor-element-2fdbab5\" data-id=\"2fdbab5\" data-element_type=\"column\" data-e-type=\"column\">\n\t\t\t<div class=\"elementor-widget-wrap elementor-element-populated\">\n\t\t\t\t\t\t<div class=\"elementor-element elementor-element-91930ec elementor-widget elementor-widget-heading\" data-id=\"91930ec\" data-element_type=\"widget\" data-e-type=\"widget\" data-widget_type=\"heading.default\">\n\t\t\t\t<div class=\"elementor-widget-container\">\n\t\t\t\t\t<h2 class=\"elementor-heading-title elementor-size-default\">Haftungshinweis<\/h2>\t\t\t\t<\/div>\n\t\t\t\t<\/div>\n\t\t\t\t<div class=\"elementor-element elementor-element-7d49e18 elementor-widget elementor-widget-text-editor\" data-id=\"7d49e18\" data-element_type=\"widget\" data-e-type=\"widget\" data-widget_type=\"text-editor.default\">\n\t\t\t\t<div class=\"elementor-widget-container\">\n\t\t\t\t\t\t\t\t\tTrotz sorgf\u00e4ltiger inhaltlicher Kontrolle \u00fcbernehmen wir keine Haftung f\u00fcr die Inhalte externer Links. F\u00fcr den Inhalt der verlinkten Seiten sind ausschlie\u00dflich deren Betreiber verantwortlich.\t\t\t\t\t\t\t\t<\/div>\n\t\t\t\t<\/div>\n\t\t\t\t\t<\/div>\n\t\t<\/div>\n\t\t\t\t\t<\/div>\n\t\t<\/section>\n\t\t\t\t<section class=\"elementor-section elementor-top-section elementor-element elementor-element-93ab36e elementor-section-boxed elementor-section-height-default elementor-section-height-default\" data-id=\"93ab36e\" data-element_type=\"section\" data-e-type=\"section\">\n\t\t\t\t\t\t<div class=\"elementor-container elementor-column-gap-default\">\n\t\t\t\t\t<div class=\"elementor-column elementor-col-100 elementor-top-column elementor-element elementor-element-30c8827\" data-id=\"30c8827\" data-element_type=\"column\" data-e-type=\"column\">\n\t\t\t<div class=\"elementor-widget-wrap elementor-element-populated\">\n\t\t\t\t\t\t<div class=\"elementor-element elementor-element-8e24285 elementor-widget elementor-widget-heading\" data-id=\"8e24285\" data-element_type=\"widget\" data-e-type=\"widget\" data-widget_type=\"heading.default\">\n\t\t\t\t<div class=\"elementor-widget-container\">\n\t\t\t\t\t<h2 class=\"elementor-heading-title elementor-size-default\">Umsetzung &amp; Betrieb<\/h2>\t\t\t\t<\/div>\n\t\t\t\t<\/div>\n\t\t\t\t<div class=\"elementor-element elementor-element-cf34d0e elementor-widget elementor-widget-text-editor\" data-id=\"cf34d0e\" data-element_type=\"widget\" data-e-type=\"widget\" data-widget_type=\"text-editor.default\">\n\t\t\t\t<div class=\"elementor-widget-container\">\n\t\t\t\t\t\t\t\t\t<p>Inspirationlabs GmbH<\/p><p>Rohrbacher Str. 79<br \/>69115 Heidelberg<br \/>inspirationlabs.com<\/p>\t\t\t\t\t\t\t\t<\/div>\n\t\t\t\t<\/div>\n\t\t\t\t\t<\/div>\n\t\t<\/div>\n\t\t\t\t\t<\/div>\n\t\t<\/section>\n\t\t\t\t<\/div>\n\t\t","protected":false},"excerpt":{"rendered":"<p>Herausgeber team ewen GbR \/ ewen knapstein sch\u00f6nfelder H\u00fcgelstra\u00dfe 19D 64283 Darmstadt KontaktTelefon: +49 (0)6151 275 100-0Email: mail@team-ewen.de Im Auftrag des Landkreis Ostalbkreis Verpflichtende Angaben nach \u00a7 5 Telemediengesetz Umsatzsteuer-Identifikationsnummer gem\u00e4\u00df \u00a7 27a Umsatzsteuergesetz: DE309853125 Gesch\u00e4ftsf\u00fchrer: Dr. Christoph Ewen, Carla Sch\u00f6nfelder, Yvonne Knapstein Inhaltlich Verantwortliche: Yvonne Knapstein, Fridtjof Ilgner Haftungshinweis Trotz sorgf\u00e4ltiger inhaltlicher Kontrolle \u00fcbernehmen [&hellip;]<\/p>\n","protected":false},"author":1,"featured_media":0,"parent":0,"menu_order":0,"comment_status":"closed","ping_status":"closed","template":"elementor_header_footer","meta":{"_acf_changed":false,"footnotes":""},"class_list":["post-1156","page","type-page","status-publish","hentry"],"acf":[],"yoast_head":"<!-- This site is optimized with the Yoast SEO plugin v27.1.1 - https:\/\/yoast.com\/product\/yoast-seo-wordpress\/ -->\n<title>Impressum - B29 NEU<\/title>\n<meta name=\"robots\" content=\"index, follow, max-snippet:-1, max-image-preview:large, max-video-preview:-1\" \/>\n<link rel=\"canonical\" href=\"https:\/\/b29neu.de\/impressum\" \/>\n<meta property=\"og:locale\" content=\"de_DE\" \/>\n<meta property=\"og:type\" content=\"article\" \/>\n<meta property=\"og:title\" content=\"Impressum - B29 NEU\" \/>\n<meta property=\"og:description\" content=\"Herausgeber team ewen GbR \/ ewen knapstein sch\u00f6nfelder H\u00fcgelstra\u00dfe 19D 64283 Darmstadt KontaktTelefon: +49 (0)6151 275 100-0Email: mail@team-ewen.de Im Auftrag des Landkreis Ostalbkreis Verpflichtende Angaben nach \u00a7 5 Telemediengesetz Umsatzsteuer-Identifikationsnummer gem\u00e4\u00df \u00a7 27a Umsatzsteuergesetz: DE309853125 Gesch\u00e4ftsf\u00fchrer: Dr. Christoph Ewen, Carla Sch\u00f6nfelder, Yvonne Knapstein Inhaltlich Verantwortliche: Yvonne Knapstein, Fridtjof Ilgner Haftungshinweis Trotz sorgf\u00e4ltiger inhaltlicher Kontrolle \u00fcbernehmen [&hellip;]\" \/>\n<meta property=\"og:url\" content=\"https:\/\/b29neu.de\/impressum\" \/>\n<meta property=\"og:site_name\" content=\"B29 NEU\" \/>\n<meta property=\"article:modified_time\" content=\"2023-02-12T17:47:50+00:00\" \/>\n<meta name=\"twitter:card\" content=\"summary_large_image\" \/>\n<meta name=\"twitter:label1\" content=\"Gesch\u00e4tzte Lesezeit\" \/>\n\t<meta name=\"twitter:data1\" content=\"1\u00a0Minute\" \/>\n<script type=\"application\/ld+json\" class=\"yoast-schema-graph\">{\"@context\":\"https:\/\/schema.org\",\"@graph\":[{\"@type\":\"WebPage\",\"@id\":\"https:\/\/b29neu.de\/impressum\",\"url\":\"https:\/\/b29neu.de\/impressum\",\"name\":\"Impressum - B29 NEU\",\"isPartOf\":{\"@id\":\"http:\/\/b29neu.de\/#website\"},\"datePublished\":\"2021-07-07T12:38:49+00:00\",\"dateModified\":\"2023-02-12T17:47:50+00:00\",\"breadcrumb\":{\"@id\":\"https:\/\/b29neu.de\/impressum#breadcrumb\"},\"inLanguage\":\"de\",\"potentialAction\":[{\"@type\":\"ReadAction\",\"target\":[\"https:\/\/b29neu.de\/impressum\"]}]},{\"@type\":\"BreadcrumbList\",\"@id\":\"https:\/\/b29neu.de\/impressum#breadcrumb\",\"itemListElement\":[{\"@type\":\"ListItem\",\"position\":1,\"name\":\"Startseite\",\"item\":\"https:\/\/b29neu.de\/\"},{\"@type\":\"ListItem\",\"position\":2,\"name\":\"Impressum\"}]},{\"@type\":\"WebSite\",\"@id\":\"http:\/\/b29neu.de\/#website\",\"url\":\"http:\/\/b29neu.de\/\",\"name\":\"B29neu Linienbestimmung R\u00f6ttingen \u2013 N\u00f6rdlingen\",\"description\":\"B29n zwischen R\u00f6ttingen und N\u00f6rdlingen\",\"publisher\":{\"@id\":\"http:\/\/b29neu.de\/#organization\"},\"potentialAction\":[{\"@type\":\"SearchAction\",\"target\":{\"@type\":\"EntryPoint\",\"urlTemplate\":\"http:\/\/b29neu.de\/?s={search_term_string}\"},\"query-input\":{\"@type\":\"PropertyValueSpecification\",\"valueRequired\":true,\"valueName\":\"search_term_string\"}}],\"inLanguage\":\"de\"},{\"@type\":\"Organization\",\"@id\":\"http:\/\/b29neu.de\/#organization\",\"name\":\"B29neu Linienbestimmung R\u00f6ttingen \u2013 N\u00f6rdlingen\",\"url\":\"http:\/\/b29neu.de\/\",\"logo\":{\"@type\":\"ImageObject\",\"inLanguage\":\"de\",\"@id\":\"http:\/\/b29neu.de\/#\/schema\/logo\/image\/\",\"url\":\"https:\/\/b29neu.de\/wp-content\/uploads\/2021\/04\/OAK-Logo.svg\",\"contentUrl\":\"https:\/\/b29neu.de\/wp-content\/uploads\/2021\/04\/OAK-Logo.svg\",\"width\":1,\"height\":1,\"caption\":\"B29neu Linienbestimmung R\u00f6ttingen \u2013 N\u00f6rdlingen\"},\"image\":{\"@id\":\"http:\/\/b29neu.de\/#\/schema\/logo\/image\/\"}}]}<\/script>\n<!-- \/ Yoast SEO plugin. -->","yoast_head_json":{"title":"Impressum - B29 NEU","robots":{"index":"index","follow":"follow","max-snippet":"max-snippet:-1","max-image-preview":"max-image-preview:large","max-video-preview":"max-video-preview:-1"},"canonical":"https:\/\/b29neu.de\/impressum","og_locale":"de_DE","og_type":"article","og_title":"Impressum - B29 NEU","og_description":"Herausgeber team ewen GbR \/ ewen knapstein sch\u00f6nfelder H\u00fcgelstra\u00dfe 19D 64283 Darmstadt KontaktTelefon: +49 (0)6151 275 100-0Email: mail@team-ewen.de Im Auftrag des Landkreis Ostalbkreis Verpflichtende Angaben nach \u00a7 5 Telemediengesetz Umsatzsteuer-Identifikationsnummer gem\u00e4\u00df \u00a7 27a Umsatzsteuergesetz: DE309853125 Gesch\u00e4ftsf\u00fchrer: Dr. Christoph Ewen, Carla Sch\u00f6nfelder, Yvonne Knapstein Inhaltlich Verantwortliche: Yvonne Knapstein, Fridtjof Ilgner Haftungshinweis Trotz sorgf\u00e4ltiger inhaltlicher Kontrolle \u00fcbernehmen [&hellip;]","og_url":"https:\/\/b29neu.de\/impressum","og_site_name":"B29 NEU","article_modified_time":"2023-02-12T17:47:50+00:00","twitter_card":"summary_large_image","twitter_misc":{"Gesch\u00e4tzte Lesezeit":"1\u00a0Minute"},"schema":{"@context":"https:\/\/schema.org","@graph":[{"@type":"WebPage","@id":"https:\/\/b29neu.de\/impressum","url":"https:\/\/b29neu.de\/impressum","name":"Impressum - B29 NEU","isPartOf":{"@id":"http:\/\/b29neu.de\/#website"},"datePublished":"2021-07-07T12:38:49+00:00","dateModified":"2023-02-12T17:47:50+00:00","breadcrumb":{"@id":"https:\/\/b29neu.de\/impressum#breadcrumb"},"inLanguage":"de","potentialAction":[{"@type":"ReadAction","target":["https:\/\/b29neu.de\/impressum"]}]},{"@type":"BreadcrumbList","@id":"https:\/\/b29neu.de\/impressum#breadcrumb","itemListElement":[{"@type":"ListItem","position":1,"name":"Startseite","item":"https:\/\/b29neu.de\/"},{"@type":"ListItem","position":2,"name":"Impressum"}]},{"@type":"WebSite","@id":"http:\/\/b29neu.de\/#website","url":"http:\/\/b29neu.de\/","name":"B29neu Linienbestimmung R\u00f6ttingen \u2013 N\u00f6rdlingen","description":"B29n zwischen R\u00f6ttingen und N\u00f6rdlingen","publisher":{"@id":"http:\/\/b29neu.de\/#organization"},"potentialAction":[{"@type":"SearchAction","target":{"@type":"EntryPoint","urlTemplate":"http:\/\/b29neu.de\/?s={search_term_string}"},"query-input":{"@type":"PropertyValueSpecification","valueRequired":true,"valueName":"search_term_string"}}],"inLanguage":"de"},{"@type":"Organization","@id":"http:\/\/b29neu.de\/#organization","name":"B29neu Linienbestimmung R\u00f6ttingen \u2013 N\u00f6rdlingen","url":"http:\/\/b29neu.de\/","logo":{"@type":"ImageObject","inLanguage":"de","@id":"http:\/\/b29neu.de\/#\/schema\/logo\/image\/","url":"https:\/\/b29neu.de\/wp-content\/uploads\/2021\/04\/OAK-Logo.svg","contentUrl":"https:\/\/b29neu.de\/wp-content\/uploads\/2021\/04\/OAK-Logo.svg","width":1,"height":1,"caption":"B29neu Linienbestimmung R\u00f6ttingen \u2013 N\u00f6rdlingen"},"image":{"@id":"http:\/\/b29neu.de\/#\/schema\/logo\/image\/"}}]}},"_links":{"self":[{"href":"https:\/\/b29neu.de\/index.php?rest_route=\/wp\/v2\/pages\/1156","targetHints":{"allow":["GET"]}}],"collection":[{"href":"https:\/\/b29neu.de\/index.php?rest_route=\/wp\/v2\/pages"}],"about":[{"href":"https:\/\/b29neu.de\/index.php?rest_route=\/wp\/v2\/types\/page"}],"author":[{"embeddable":true,"href":"https:\/\/b29neu.de\/index.php?rest_route=\/wp\/v2\/users\/1"}],"replies":[{"embeddable":true,"href":"https:\/\/b29neu.de\/index.php?rest_route=%2Fwp%2Fv2%2Fcomments&post=1156"}],"version-history":[{"count":30,"href":"https:\/\/b29neu.de\/index.php?rest_route=\/wp\/v2\/pages\/1156\/revisions"}],"predecessor-version":[{"id":3223,"href":"https:\/\/b29neu.de\/index.php?rest_route=\/wp\/v2\/pages\/1156\/revisions\/3223"}],"wp:attachment":[{"href":"https:\/\/b29neu.de\/index.php?rest_route=%2Fwp%2Fv2%2Fmedia&parent=1156"}],"curies":[{"name":"wp","href":"https:\/\/api.w.org\/{rel}","templated":true}]}}